{"id":36504,"date":"2014-08-08T19:24:13","date_gmt":"2014-08-08T19:24:13","guid":{"rendered":"http:\/\/laboratoriobecerra.com\/contacto\/"},"modified":"2024-11-21T10:54:13","modified_gmt":"2024-11-21T10:54:13","slug":"contact","status":"publish","type":"page","link":"https:\/\/laboratoriobecerra.com\/en\/contact\/","title":{"rendered":"Contact"},"content":{"rendered":"<p>[vc_row margin_top=&#8221;50&#8243; css=&#8221;.vc_custom_1495188344071{margin-bottom: -35px !important;}&#8221;][vc_column offset=&#8221;vc_col-lg-8 vc_col-md-6 vc_col-xs-12&#8243;]<div class=\"hr-thin style-line hr-left\" style=\"width: 10%;border-color: #0e2b8f;border-top-width: 4px;\"><\/div>[vc_column_text]<\/p>\n<h2>Send Us a Message<\/h2>\n<p>[\/vc_column_text][vc_column_text]<div role=\"form\" class=\"wpcf7\" id=\"wpcf7-f36508-o1\" lang=\"es-ES\" dir=\"ltr\">\n<div class=\"screen-reader-response\"><p role=\"status\" aria-live=\"polite\" aria-atomic=\"true\"><\/p> <ul><\/ul><\/div>\n<form action=\"\/en\/wp-json\/wp\/v2\/pages\/36504#wpcf7-f36508-o1\" method=\"post\" class=\"wpcf7-form init\" novalidate=\"novalidate\" data-status=\"init\">\n<div style=\"display: none;\">\n<input type=\"hidden\" name=\"_wpcf7\" value=\"36508\" \/>\n<input type=\"hidden\" name=\"_wpcf7_version\" value=\"5.4.2\" \/>\n<input type=\"hidden\" name=\"_wpcf7_locale\" value=\"es_ES\" \/>\n<input type=\"hidden\" name=\"_wpcf7_unit_tag\" value=\"wpcf7-f36508-o1\" \/>\n<input type=\"hidden\" name=\"_wpcf7_container_post\" value=\"0\" \/>\n<input type=\"hidden\" name=\"_wpcf7_posted_data_hash\" value=\"\" \/>\n<\/div>\n<p><span class=\"wpcf7-form-control-wrap your-name\"><input type=\"text\" name=\"your-name\" value=\"\" size=\"40\" class=\"wpcf7-form-control wpcf7-text wpcf7-validates-as-required\" aria-required=\"true\" aria-invalid=\"false\" placeholder=\"Name *\" \/><\/span><\/p>\n<p><span class=\"wpcf7-form-control-wrap your-phone\"><input type=\"text\" name=\"your-phone\" value=\"\" size=\"40\" class=\"wpcf7-form-control wpcf7-text wpcf7-validates-as-required\" aria-required=\"true\" aria-invalid=\"false\" placeholder=\"Phone *\" \/><\/span><\/p>\n<p><span class=\"wpcf7-form-control-wrap your-email\"><input type=\"email\" name=\"your-email\" value=\"\" size=\"40\" class=\"wpcf7-form-control wpcf7-text wpcf7-email wpcf7-validates-as-required wpcf7-validates-as-email\" aria-required=\"true\" aria-invalid=\"false\" placeholder=\"Email *\" \/><\/span><\/p>\n<p><span class=\"wpcf7-form-control-wrap your-menssage\"><textarea name=\"your-menssage\" cols=\"40\" rows=\"10\" class=\"wpcf7-form-control wpcf7-textarea wpcf7-validates-as-required\" aria-required=\"true\" aria-invalid=\"false\" placeholder=\"Message *\"><\/textarea><\/span><\/p>\n<p><span class=\"wpcf7-form-control-wrap acceptance-192\"><span class=\"wpcf7-form-control wpcf7-acceptance\"><span class=\"wpcf7-list-item\"><label><input type=\"checkbox\" name=\"acceptance-192\" value=\"1\" aria-invalid=\"false\" \/><span class=\"wpcf7-list-item-label\">I read and i accept the <a href=\"http:\/\/laboratoriobecerra.com\/politica-privacidad\/\">privacy policy<\/a>.<\/span><\/label><\/span><\/span><\/span><\/p>\n<p><input type=\"submit\" value=\"Send\" class=\"wpcf7-form-control wpcf7-submit boton-blue\" \/><\/p>\n<div class=\"wpcf7-response-output\" aria-hidden=\"true\"><\/div><\/form><\/div>\n<table border=\"1\" cellspacing=\"0\" cellpadding=\"0\">\n<tbody>\n<tr>\n<td colspan=\"2\" valign=\"top\">\n<p align=\"center\"><strong>INFORMACI\u00d3N PROTECCI\u00d3N DE DATOS<\/strong><\/p>\n<\/td>\n<\/tr>\n<tr>\n<td valign=\"top\" width=\"161\"><strong>Responsable<\/strong><\/td>\n<td valign=\"top\" width=\"388\">BECERRA PEREZ FRANCISCA M, S.L.U.<br \/>\nC\/ Pizarro n\u00ba 2. San Pedro de Alc\u00e1ntara. M\u00e1laga. C.P 29.670<br \/>\n<a href=\"http:\/\/www.laboratoriobecerra.com\">www.laboratoriobecerra.com<\/a>\u00a0\u00a0\u00a0\u00a0 <a href=\"mailto:info@laboratoriobecerra.com\">info@laboratoriobecerra.com<\/a><\/td>\n<\/tr>\n<tr>\n<td valign=\"top\" width=\"161\"><strong>Finalidad<\/strong><\/td>\n<td valign=\"top\" width=\"388\">Gesti\u00f3n de contactos y solicitudes de informaci\u00f3n recibidas v\u00eda web, mail o telef\u00f3nica<\/td>\n<\/tr>\n<tr>\n<td valign=\"top\" width=\"161\"><strong>Legitimaci\u00f3n<\/strong><\/td>\n<td valign=\"top\" width=\"388\">Consentimiento del interesado.<br \/>\nInter\u00e9s Leg\u00edtimo.<\/td>\n<\/tr>\n<tr>\n<td valign=\"top\" width=\"161\"><strong>Plazo de conservaci\u00f3n<\/strong><\/td>\n<td valign=\"top\" width=\"388\">Se conservar\u00e1n durante el tiempo necesario para cumplir con la finalidad para la que se recabaron y para determinar las posibles responsabilidades que se pudieran derivar de dicha finalidad y del tratamiento de los datos. Ser\u00e1 de aplicaci\u00f3n lo dispuesto en la normativa de archivos y documentaci\u00f3n.<\/td>\n<\/tr>\n<tr>\n<td valign=\"top\" width=\"161\"><strong>Destinatarios<\/strong><\/td>\n<td valign=\"top\" width=\"388\">No se realizaran transferencias internacionales de datos, ni se ceder\u00e1n datos a terceros, salvo para el cumplimiento de las obligaciones legales.<\/td>\n<\/tr>\n<tr>\n<td valign=\"top\" width=\"161\"><strong>Derechos<\/strong><\/td>\n<td valign=\"top\" width=\"388\">Acceder, rectificar y suprimir los datos, solicitar la portabilidad de los mismos, oponerse al tratamiento y solicitar la limitaci\u00f3n de \u00e9ste, puede ejercer los anteriores derechos enviando su solicitud a la direcci\u00f3n anteriormente indicada.<\/td>\n<\/tr>\n<tr>\n<td valign=\"top\" width=\"161\"><strong>Reclamaci\u00f3n <\/strong><\/td>\n<td valign=\"top\" width=\"388\">Puede presentar una reclamaci\u00f3n dirigida a la AGPD, mediante la sede electr\u00f3nica de la Autoridad (<a href=\"https:\/\/sedeagpd.gob.es\/sede-electronica-web\/\">https:\/\/sedeagpd.gob.es\/sede-electronica-web\/<\/a>) o por medios no electr\u00f3nicos<\/td>\n<\/tr>\n<tr>\n<td valign=\"top\" width=\"161\"><strong>Informaci\u00f3n Adicional<\/strong><\/td>\n<td valign=\"top\" width=\"388\">M\u00e1s informaci\u00f3n adicional y detallada disponible en la Pol\u00edtica de Privacidad de la web www.laboratoriobecerra.com<\/td>\n<\/tr>\n<\/tbody>\n<\/table>\n<p>[\/vc_column_text][vc_empty_space height=&#8221;40px&#8221;][\/vc_column][vc_column offset=&#8221;vc_col-lg-4 vc_col-md-6 vc_col-xs-12&#8243;]<div class=\"hr-thin style-line hr-left\" style=\"width: 10%;border-color: #0e2b8f;border-top-width: 4px;\"><\/div>[vc_column_text]<\/p>\n<h3>Contact Information<\/h3>\n<p>[\/vc_column_text][vc_gmaps link=&#8221;#E-8_JTNDaWZyYW1lJTIwc3JjJTNEJTIyaHR0cHMlM0ElMkYlMkZ3d3cuZ29vZ2xlLmNvbSUyRm1hcHMlMkZlbWJlZCUzRnBiJTNEJTIxMW0xNCUyMTFtOCUyMTFtMyUyMTFkMTI4MzEuMjM1NjU3NjE4MjclMjEyZC00Ljk4OTMxNDElMjEzZDM2LjQ4NjMzMTElMjEzbTIlMjExaTEwMjQlMjEyaTc2OCUyMTRmMTMuMSUyMTNtMyUyMTFtMiUyMTFzMHgwJTI1M0EweDg3MWFkY2M1OTdmYzllNmQlMjEyc0xhYm9yYXRvcmlvJTJCQmVjZXJyYSUyQi0lMkJBbiUyNUMzJTI1QTFsaXNpcyUyQkNsJTI1QzMlMjVBRG5pY29zJTIxNWUwJTIxM20yJTIxMXNlcyUyMTJzZXMlMjE0djE0OTUwMTYyNDI1MzAlMjIlMjB3aWR0aCUzRCUyMjM1MCUyMiUyMGhlaWdodCUzRCUyMjIwMCUyMiUyMGZyYW1lYm9yZGVyJTNEJTIyMCUyMiUyMHN0eWxlJTNEJTIyYm9yZGVyJTNBMCUyMiUyMGFsbG93ZnVsbHNjcmVlbiUzRSUzQyUyRmlmcmFtZSUzRQ==&#8221; size=&#8221;140&#8243;][vc_column_text css=&#8221;.vc_custom_1498824872489{margin-bottom: 2% !important;border-bottom-width: 0px !important;padding-bottom: 0px !important;}&#8221;]<span class=\"color-title\">Address:<\/span><br \/>\nC\/Pizarro n. 2 Edif. Plaza,<br \/>\n29670 San Pedro Alc\u00e1ntara, M\u00e1laga[\/vc_column_text][vc_column_text css=&#8221;.vc_custom_1714731353537{margin-bottom: 2% !important;border-bottom-width: 0px !important;padding-bottom: 0px !important;}&#8221;]<span class=\"color-title\">Opening Hours:<\/span><br \/>\nM-Th: 8:30am -13:00am | 4:30pm -6:30pm<br \/>\nFriday: 8:30am -13:00am | Friday afternoon closed[\/vc_column_text][vc_column_text css=&#8221;.vc_custom_1498824962302{margin-bottom: 2% !important;border-bottom-width: 0px !important;padding-bottom: 0px !important;}&#8221;]<span class=\"color-title\">Phone:<\/span><br \/>\n<a href=\"tel:952789696\">952 789 696<\/a> | <a href=\"tel:952853049\">952 853 049<\/a><br \/>\n<span class=\"color-title\">Fax:\u00a0<\/span>952 799 663[\/vc_column_text][vc_column_text]<span class=\"color-title\">Email:<\/span><br \/>\n<a href=\"mailto:info@laboratoriobecerra.com\">info@laboratoriobecerra.com<\/a>[\/vc_column_text][\/vc_column][\/vc_row][vc_row][vc_column][vc_column_text]<\/p>\n<h4>Laboratories and Peripheral Centers where we serve<\/h4>\n<p>[\/vc_column_text][vc_separator][\/vc_column][vc_column width=&#8221;1\/3&#8243;][vc_gmaps link=&#8221;#E-8_JTNDaWZyYW1lJTIwc3JjJTNEJTIyaHR0cHMlM0ElMkYlMkZ3d3cuZ29vZ2xlLmNvbSUyRm1hcHMlMkZlbWJlZCUzRnBiJTNEJTIxMW0xNCUyMTFtOCUyMTFtMyUyMTFkMTI4MzEuMjM1NjU3NjE4MjclMjEyZC00Ljk4OTMxNDElMjEzZDM2LjQ4NjMzMTElMjEzbTIlMjExaTEwMjQlMjEyaTc2OCUyMTRmMTMuMSUyMTNtMyUyMTFtMiUyMTFzMHgwJTI1M0EweDg3MWFkY2M1OTdmYzllNmQlMjEyc0xhYm9yYXRvcmlvJTJCQmVjZXJyYSUyQi0lMkJBbiUyNUMzJTI1QTFsaXNpcyUyQkNsJTI1QzMlMjVBRG5pY29zJTIxNWUwJTIxM20yJTIxMXNlcyUyMTJzZXMlMjE0djE0OTUwMTYyNDI1MzAlMjIlMjB3aWR0aCUzRCUyMjM1MCUyMiUyMGhlaWdodCUzRCUyMjIwMCUyMiUyMGZyYW1lYm9yZGVyJTNEJTIyMCUyMiUyMHN0eWxlJTNEJTIyYm9yZGVyJTNBMCUyMiUyMGFsbG93ZnVsbHNjcmVlbiUzRSUzQyUyRmlmcmFtZSUzRQ==&#8221; size=&#8221;140&#8243; css=&#8221;.vc_custom_1714736598591{margin-bottom: 20px !important;}&#8221;][vc_column_text css=&#8221;.vc_custom_1551792652031{margin-bottom: 2% !important;border-bottom-width: 0px !important;padding-bottom: 0px !important;}&#8221;]<span class=\"color-title\">Laboratorio Becerra<\/span><br \/>\nC\/Pizarro n. 2 Edif. Plaza,<br \/>\n29670 San Pedro Alc\u00e1ntara, M\u00e1laga[\/vc_column_text]<div class=\"ult-spacer spacer-69ee0158afb28\" data-id=\"69ee0158afb28\" data-height=\"30\" data-height-mobile=\"0\" data-height-tab=\"0\" data-height-tab-portrait=\"0\" data-height-mobile-landscape=\"0\" style=\"clear:both;display:block;\"><\/div>[vc_column_text css=&#8221;.vc_custom_1714731426618{margin-bottom: 2% !important;border-bottom-width: 0px !important;padding-bottom: 0px !important;}&#8221;]<span class=\"color-title\">Opening Hours:<\/span><br \/>\nM-Th: 8:30am -13:00am | 4:30pm -6:30pm<br \/>\nFriday: 8:30am -13:00am | Friday afternoon closed[\/vc_column_text][vc_column_text css=&#8221;.vc_custom_1551792844005{margin-bottom: 2% !important;border-bottom-width: 0px !important;padding-bottom: 0px !important;}&#8221;]<span class=\"color-title\">Phone:\u00a0<\/span><a href=\"tel:952789696\">952 789 696<\/a> | <a href=\"tel:952853049\">952 853 049<\/a><br \/>\n<span class=\"color-title\">Fax:\u00a0<\/span>952 799 663[\/vc_column_text][\/vc_column][vc_column width=&#8221;1\/3&#8243;][vc_gmaps link=&#8221;#E-8_JTNDaWZyYW1lJTIwc3JjJTNEJTIyaHR0cHMlM0ElMkYlMkZ3d3cuZ29vZ2xlLmNvbSUyRm1hcHMlMkZlbWJlZCUzRnBiJTNEJTIxMW0xOCUyMTFtMTIlMjExbTMlMjExZDEyODI3LjY4NjU0MzU3NjIyOCUyMTJkLTQuODk1NDY2MzMwMjI0NjA5JTIxM2QzNi41MDc3NTM3JTIxMm0zJTIxMWYwJTIxMmYwJTIxM2YwJTIxM20yJTIxMWkxMDI0JTIxMmk3NjglMjE0ZjEzLjElMjEzbTMlMjExbTIlMjExczB4ZDczMjdmOGU5NDVjNTQzJTI1M0EweDdiNjU5OTViMGRiNDhlMDYlMjEyc0F2LiUyNTIwZGVsJTI1MjBNYXIlMjUyQyUyNTIwMTYlMjUyQyUyNTIwMjk2MDIlMjUyME1hcmJlbGxhJTI1MkMlMjUyME0lMjVDMyUyNUExbGFnYSUyMTVlMCUyMTNtMiUyMTFzZXMlMjEyc2VzJTIxNHYxNjUxMjM4OTc4MjM1JTIxNW0yJTIxMXNlcyUyMTJzZXMlMjIlMjB3aWR0aCUzRCUyMjI1NSUyMiUyMGhlaWdodCUzRCUyMjE0MCUyMiUyMHN0eWxlJTNEJTIyYm9yZGVyJTNBMCUzQiUyMiUyMGFsbG93ZnVsbHNjcmVlbiUzRCUyMiUyMiUyMGxvYWRpbmclM0QlMjJsYXp5JTIyJTIwcmVmZXJyZXJwb2xpY3klM0QlMjJuby1yZWZlcnJlci13aGVuLWRvd25ncmFkZSUyMiUzRSUzQyUyRmlmcmFtZSUzRQ==&#8221; size=&#8221;140&#8243; css=&#8221;.vc_custom_1714736628583{margin-bottom: 20px !important;}&#8221;][vc_column_text css=&#8221;.vc_custom_1649415721440{margin-bottom: 2% !important;border-bottom-width: 0px !important;padding-bottom: 0px !important;}&#8221;]<span class=\"color-title\">Centro M\u00e9dico<\/span><br \/>\nAv. del Mar 16 esquina Calle Goyo 1 29601 Marbella.[\/vc_column_text]<div class=\"ult-spacer spacer-69ee0158afb8f\" data-id=\"69ee0158afb8f\" data-height=\"30\" data-height-mobile=\"0\" data-height-tab=\"0\" data-height-tab-portrait=\"0\" data-height-mobile-landscape=\"0\" style=\"clear:both;display:block;\"><\/div>[vc_column_text css=&#8221;.vc_custom_1732186449511{margin-bottom: 2% !important;border-bottom-width: 0px !important;padding-bottom: 0px !important;}&#8221;]<span class=\"color-title\">Opening hours | <\/span><br \/>\nM-F: 8:30 am -11:00 am[\/vc_column_text][vc_column_text css=&#8221;.vc_custom_1649415675025{margin-bottom: 2% !important;border-bottom-width: 0px !important;padding-bottom: 0px !important;}&#8221;]<span class=\"color-title\">Phone | <a href=\"tel:952789696\">952 789 696<\/a> &#8211; <a href=\"tel:952823825\">952 823 825<\/a><\/span>[\/vc_column_text][\/vc_column][vc_column width=&#8221;1\/3&#8243;][vc_gmaps link=&#8221;#E-8_JTNDaWZyYW1lJTIwc3JjJTNEJTIyaHR0cHMlM0ElMkYlMkZ3d3cuZ29vZ2xlLmNvbSUyRm1hcHMlMkZlbWJlZCUzRnBiJTNEJTIxMW0xNCUyMTFtOCUyMTFtMyUyMTFkMTI4NDAuNzY2ODc0ODA1MTEzJTIxMmQtNS4xNDEwNTElMjEzZDM2LjQyODc0NjYlMjEzbTIlMjExaTEwMjQlMjEyaTc2OCUyMTRmMTMuMSUyMTNtMyUyMTFtMiUyMTFzMHgwJTI1M0EweDU3NDdmOGQ2MmUyZWJmYiUyMTJzTGFib3JhdG9yaW8lMkJCZWNlcnJhJTJCLSUyQkFuJTI1QzMlMjVBMWxpc2lzJTJCQ2wlMjVDMyUyNUFEbmljbyUyQkVzdGVwb25hJTIxNWUwJTIxM20yJTIxMXNlcyUyMTJzZXMlMjE0djE1NTA2NjUxMjQwNTclMjIlMjB3aWR0aCUzRCUyMjM1MCUyMiUyMGhlaWdodCUzRCUyMjIwMCUyMiUyMGZyYW1lYm9yZGVyJTNEJTIyMCUyMiUyMHN0eWxlJTNEJTIyYm9yZGVyJTNBMCUyMiUyMGFsbG93ZnVsbHNjcmVlbiUzRSUzQyUyRmlmcmFtZSUzRQ==&#8221; size=&#8221;140&#8243; css=&#8221;.vc_custom_1714736640854{margin-bottom: 20px !important;}&#8221;][vc_column_text css=&#8221;.vc_custom_1545826470556{margin-bottom: 2% !important;border-bottom-width: 0px !important;padding-bottom: 0px !important;}&#8221;]<span class=\"color-title\">Laboratorio Becerra Estepona<\/span><br \/>\nAvda. Andaluc\u00eda 9,<br \/>\n29680 Estepona, M\u00e1laga[\/vc_column_text]<div class=\"ult-spacer spacer-69ee0158afbe0\" data-id=\"69ee0158afbe0\" data-height=\"30\" data-height-mobile=\"0\" data-height-tab=\"0\" data-height-tab-portrait=\"0\" data-height-mobile-landscape=\"0\" style=\"clear:both;display:block;\"><\/div>[vc_column_text css=&#8221;.vc_custom_1714731447523{margin-bottom: 2% !important;border-bottom-width: 0px !important;padding-bottom: 0px !important;}&#8221;]<span class=\"color-title\">Opening hours | <\/span><br \/>\nM-Th: 8:30am -11:00am | 4:30pm -6:30pm<br \/>\nFriday: 8:30am -11:00am | Friday afternoon closed[\/vc_column_text][vc_column_text css=&#8221;.vc_custom_1550735982113{margin-bottom: 2% !important;border-bottom-width: 0px !important;padding-bottom: 0px !important;}&#8221;]<span class=\"color-title\">Phone | <\/span><a href=\"tel:951407222\">951 407 222<\/a>[\/vc_column_text][vc_separator][\/vc_column][\/vc_row][vc_row][vc_column width=&#8221;1\/4&#8243;][\/vc_column][vc_column width=&#8221;1\/4&#8243;][vc_gmaps link=&#8221;#E-8_JTNDaWZyYW1lJTIwc3JjJTNEJTIyaHR0cHMlM0ElMkYlMkZ3d3cuZ29vZ2xlLmNvbSUyRm1hcHMlMkZlbWJlZCUzRnBiJTNEJTIxMW0xOCUyMTFtMTIlMjExbTMlMjExZDMyMTIuNzI2NjA0NjA3Mjg1JTIxMmQtNS4yMjg1MzYyODQ3MjIyMzI1JTIxM2QzNi4zNjc0MDA1ODAwNCUyMTJtMyUyMTFmMCUyMTJmMCUyMTNmMCUyMTNtMiUyMTFpMTAyNCUyMTJpNzY4JTIxNGYxMy4xJTIxM20zJTIxMW0yJTIxMXMweGQwY2QwODAyNzBlZDRlMyUyNTNBMHgyYjU2MGEzMzAwYmQ2MjlkJTIxMnNTYWJpbWVkaWMlMjE1ZTAlMjEzbTIlMjExc2VzJTIxMnNlcyUyMTR2MTU1MTc5MjA5NzA1NCUyMiUyMHdpZHRoJTNEJTIyMzUwJTIyJTIwaGVpZ2h0JTNEJTIyMjAwJTIyJTIwZnJhbWVib3JkZXIlM0QlMjIwJTIyJTIwc3R5bGUlM0QlMjJib3JkZXIlM0EwJTIyJTIwYWxsb3dmdWxsc2NyZWVuJTNFJTNDJTJGaWZyYW1lJTNF&#8221; size=&#8221;140&#8243; css=&#8221;.vc_custom_1714736666207{margin-bottom: 20px !important;}&#8221;][vc_column_text css=&#8221;.vc_custom_1551793208938{margin-bottom: 2% !important;border-bottom-width: 0px !important;padding-bottom: 0px !important;}&#8221;]<span class=\"color-title\">Centro M\u00e9dico Sabimedic<\/span><br \/>\nC\/ Miguel Delibes , ed. Sabina<br \/>\n29692 Sabinillas-Manilva.[\/vc_column_text]<div class=\"ult-spacer spacer-69ee0158afc34\" data-id=\"69ee0158afc34\" data-height=\"30\" data-height-mobile=\"0\" data-height-tab=\"0\" data-height-tab-portrait=\"0\" data-height-mobile-landscape=\"0\" style=\"clear:both;display:block;\"><\/div>[vc_column_text css=&#8221;.vc_custom_1551793224876{margin-bottom: 2% !important;border-bottom-width: 0px !important;padding-bottom: 0px !important;}&#8221;]<span class=\"color-title\">Phone | <a href=\"tel: 952 893 418\">952 893 418<\/a> |\u00a0<a href=\"tel:674 726 180\">674 726 180<\/a><\/span>[\/vc_column_text][\/vc_column][vc_column width=&#8221;1\/4&#8243;][vc_gmaps link=&#8221;#E-8_JTNDaWZyYW1lJTIwc3JjJTNEJTIyaHR0cHMlM0ElMkYlMkZ3d3cuZ29vZ2xlLmNvbSUyRm1hcHMlMkZlbWJlZCUzRnBiJTNEJTIxMW0xOCUyMTFtMTIlMjExbTMlMjExZDMyMDcuOTAxOTU5MzQ4NDM5JTIxMmQtNC45OTAzNjU2ODQyNDE5MDIlMjEzZDM2LjQ4NDA4Mzk4MDAxNTAxJTIxMm0zJTIxMWYwJTIxMmYwJTIxM2YwJTIxM20yJTIxMWkxMDI0JTIxMmk3NjglMjE0ZjEzLjElMjEzbTMlMjExbTIlMjExczB4ZDczMmExN2UxMjcwMGY3JTI1M0EweGIzMzc3NjNlNDdmMDZkYzglMjEyc0NlbnRybyUyQk0lMjVDMyUyNUE5ZGljbyUyNTNBJTJCU2VydmljaW8lMkJNJTI1QzMlMjVBOWRpY28lMkJTYW4lMkJQZWRybyUyMTVlMCUyMTNtMiUyMTFzZXMlMjEyc2VzJTIxNHYxNDk1MDE3NTMyOTAxJTIyJTIwd2lkdGglM0QlMjIyNTUlMjIlMjBoZWlnaHQlM0QlMjIxNDAlMjIlMjBmcmFtZWJvcmRlciUzRCUyMjAlMjIlMjBzdHlsZSUzRCUyMmJvcmRlciUzQTAlMjIlMjBhbGxvd2Z1bGxzY3JlZW4lM0UlM0MlMkZpZnJhbWUlM0U=&#8221; size=&#8221;140&#8243; css=&#8221;.vc_custom_1714736612982{margin-bottom: 20px !important;}&#8221;][vc_column_text css=&#8221;.vc_custom_1551793009681{margin-bottom: 2% !important;border-bottom-width: 0px !important;padding-bottom: 0px !important;}&#8221;]<span class=\"color-title\">Servicio M\u00e9dico San Pedro<\/span><br \/>\nC\/ San Andr\u00e9s 7,<br \/>\n29670 San Pedro Alc\u00e1ntara, M\u00e1laga[\/vc_column_text]<div class=\"ult-spacer spacer-69ee0158afc7f\" data-id=\"69ee0158afc7f\" data-height=\"30\" data-height-mobile=\"0\" data-height-tab=\"0\" data-height-tab-portrait=\"0\" data-height-mobile-landscape=\"0\" style=\"clear:both;display:block;\"><\/div>[vc_column_text css=&#8221;.vc_custom_1551793070970{margin-bottom: 2% !important;border-bottom-width: 0px !important;padding-bottom: 0px !important;}&#8221;]<span class=\"color-title\">Opening hours | <\/span>M-F: 8:30 am -11:00 am[\/vc_column_text][vc_column_text css=&#8221;.vc_custom_1551793058578{margin-bottom: 2% !important;border-bottom-width: 0px !important;padding-bottom: 0px !important;}&#8221;]<span class=\"color-title\">Phone |\u00a0<a href=\"tel:952782865\">952 782 865<\/a><\/span>[\/vc_column_text][\/vc_column][vc_column width=&#8221;1\/4&#8243;][\/vc_column][\/vc_row]<\/p>\n","protected":false},"excerpt":{"rendered":"<p>[vc_row margin_top=&#8221;50&#8243; css=&#8221;.vc_custom_1495188344071{margin-bottom: -35px !important;}&#8221;][vc_column offset=&#8221;vc_col-lg-8 vc_col-md-6 vc_col-xs-12&#8243;][vc_column_text] Send Us a Message [\/vc_column_text][vc_column_text] INFORMACI\u00d3N PROTECCI\u00d3N DE DATOS Responsable BECERRA PEREZ FRANCISCA M, S.L.U. C\/ Pizarro n\u00ba 2. San Pedro de Alc\u00e1ntara. M\u00e1laga. C.P 29.670 www.laboratoriobecerra.com\u00a0\u00a0\u00a0\u00a0 info@laboratoriobecerra.com Finalidad Gesti\u00f3n de contactos y solicitudes de informaci\u00f3n recibidas v\u00eda web, mail o telef\u00f3nica Legitimaci\u00f3n Consentimiento del interesado. Inter\u00e9s&hellip;<\/p>\n","protected":false},"author":1,"featured_media":0,"parent":0,"menu_order":30,"comment_status":"closed","ping_status":"closed","template":"","meta":[],"_links":{"self":[{"href":"https:\/\/laboratoriobecerra.com\/en\/wp-json\/wp\/v2\/pages\/36504"}],"collection":[{"href":"https:\/\/laboratoriobecerra.com\/en\/wp-json\/wp\/v2\/pages"}],"about":[{"href":"https:\/\/laboratoriobecerra.com\/en\/wp-json\/wp\/v2\/types\/page"}],"author":[{"embeddable":true,"href":"https:\/\/laboratoriobecerra.com\/en\/wp-json\/wp\/v2\/users\/1"}],"replies":[{"embeddable":true,"href":"https:\/\/laboratoriobecerra.com\/en\/wp-json\/wp\/v2\/comments?post=36504"}],"version-history":[{"count":11,"href":"https:\/\/laboratoriobecerra.com\/en\/wp-json\/wp\/v2\/pages\/36504\/revisions"}],"predecessor-version":[{"id":36871,"href":"https:\/\/laboratoriobecerra.com\/en\/wp-json\/wp\/v2\/pages\/36504\/revisions\/36871"}],"wp:attachment":[{"href":"https:\/\/laboratoriobecerra.com\/en\/wp-json\/wp\/v2\/media?parent=36504"}],"curies":[{"name":"wp","href":"https:\/\/api.w.org\/{rel}","templated":true}]}}